{"id":11,"date":"2024-07-14T02:40:36","date_gmt":"2024-07-14T00:40:36","guid":{"rendered":"https:\/\/nocesdecana-sl.com.bf\/?page_id=11"},"modified":"2024-07-30T03:15:09","modified_gmt":"2024-07-30T01:15:09","slug":"a-propos","status":"publish","type":"page","link":"https:\/\/nocesdecana-sl.com.bf\/index.php\/a-propos\/","title":{"rendered":"A propos"},"content":{"rendered":"\t\t<div data-elementor-type=\"wp-page\" data-elementor-id=\"11\" class=\"elementor elementor-11\">\n\t\t\t\t<div class=\"elementor-element elementor-element-d937c2a e-flex e-con-boxed e-con e-parent\" data-id=\"d937c2a\" data-element_type=\"container\">\n\t\t\t\t\t<div class=\"e-con-inner\">\n\t\t\t\t<div class=\"elementor-element elementor-element-4d25209 elementor-widget elementor-widget-text-editor\" data-id=\"4d25209\" data-element_type=\"widget\" data-widget_type=\"text-editor.default\">\n\t\t\t\t<div class=\"elementor-widget-container\">\n\t\t\t<style>\/*! elementor - v3.22.0 - 26-06-2024 *\/\n.elementor-widget-text-editor.elementor-drop-cap-view-stacked .elementor-drop-cap{background-color:#69727d;color:#fff}.elementor-widget-text-editor.elementor-drop-cap-view-framed .elementor-drop-cap{color:#69727d;border:3px solid;background-color:transparent}.elementor-widget-text-editor:not(.elementor-drop-cap-view-default) .elementor-drop-cap{margin-top:8px}.elementor-widget-text-editor:not(.elementor-drop-cap-view-default) .elementor-drop-cap-letter{width:1em;height:1em}.elementor-widget-text-editor .elementor-drop-cap{float:left;text-align:center;line-height:1;font-size:50px}.elementor-widget-text-editor .elementor-drop-cap-letter{display:inline-block}<\/style>\t\t\t\t<div class=\"content user-select-text\" tabindex=\"0\" aria-description=\"\" aria-label=\"Envoy\u00e9 par Copilot\u00a0: Bienvenue chez **Noces De Cana SL**, votre partenaire de confiance pour tous vos besoins en mati\u00e8re d'\u00e9v\u00e9nementiel, de restauration, d'accompagnement familial et de vente d'articles. Nous organisons des \u00e9v\u00e9nements m\u00e9morables, offrons une cuisine raffin\u00e9e adapt\u00e9e \u00e0 tous les go\u00fbts, et proposons des services d'accompagnement familial pour faciliter votre quotidien. Notre boutique propose \u00e9galement une s\u00e9lection d'articles de qualit\u00e9 pour r\u00e9pondre \u00e0 tous vos besoins. Faites confiance \u00e0 Noces De Cana SL pour des services sur mesure et une exp\u00e9rience exceptionnelle.\"><div class=\"ac-container ac-adaptiveCard has-image\"><div class=\"ac-textBlock\"><p>Bienvenue chez <strong>Noces De Cana SL<\/strong>, votre partenaire de confiance pour tous vos besoins en mati\u00e8re d\u2019\u00e9v\u00e9nementiel, de restauration, d\u2019accompagnement familial et de vente d\u2019articles. Nous organisons des \u00e9v\u00e9nements m\u00e9morables, offrons une cuisine raffin\u00e9e adapt\u00e9e \u00e0 tous les go\u00fbts, et proposons des services d\u2019accompagnement familial pour faciliter votre quotidien. Notre boutique propose \u00e9galement une s\u00e9lection d\u2019articles de qualit\u00e9 pour r\u00e9pondre \u00e0 tous vos besoins. Faites confiance \u00e0 Noces De Cana SL pour des services sur mesure et une exp\u00e9rience exceptionnelle.<\/p><\/div><\/div><\/div>\t\t\t\t\t\t<\/div>\n\t\t\t\t<\/div>\n\t\t\t\t\t<\/div>\n\t\t\t\t<\/div>\n\t\t<div class=\"elementor-element elementor-element-3650c29 e-flex e-con-boxed e-con e-parent\" data-id=\"3650c29\" data-element_type=\"container\">\n\t\t\t\t\t<div class=\"e-con-inner\">\n\t\t\t\t<div class=\"elementor-element elementor-element-034fb2e elementor-widget elementor-widget-image\" data-id=\"034fb2e\" data-element_type=\"widget\" data-widget_type=\"image.default\">\n\t\t\t\t<div class=\"elementor-widget-container\">\n\t\t\t<style>\/*! elementor - v3.22.0 - 26-06-2024 *\/\n.elementor-widget-image{text-align:center}.elementor-widget-image a{display:inline-block}.elementor-widget-image a img[src$=\".svg\"]{width:48px}.elementor-widget-image img{vertical-align:middle;display:inline-block}<\/style>\t\t\t\t\t\t\t\t\t\t<img fetchpriority=\"high\" decoding=\"async\" width=\"960\" height=\"543\" src=\"https:\/\/nocesdecana-sl.com.bf\/wp-content\/uploads\/2024\/07\/aff.jpg\" class=\"attachment-large size-large wp-image-38\" alt=\"\" srcset=\"https:\/\/nocesdecana-sl.com.bf\/wp-content\/uploads\/2024\/07\/aff.jpg 960w, https:\/\/nocesdecana-sl.com.bf\/wp-content\/uploads\/2024\/07\/aff-300x170.jpg 300w, https:\/\/nocesdecana-sl.com.bf\/wp-content\/uploads\/2024\/07\/aff-768x434.jpg 768w\" sizes=\"(max-width: 960px) 100vw, 960px\" \/>\t\t\t\t\t\t\t\t\t\t\t\t\t<\/div>\n\t\t\t\t<\/div>\n\t\t\t\t\t<\/div>\n\t\t\t\t<\/div>\n\t\t\t\t<\/div>\n\t\t","protected":false},"excerpt":{"rendered":"<p>Bienvenue chez Noces De Cana SL, votre partenaire de confiance pour tous vos besoins en mati\u00e8re d\u2019\u00e9v\u00e9nementiel, de restauration, d\u2019accompagnement familial et de vente d\u2019articles. Nous organisons des \u00e9v\u00e9nements m\u00e9morables, offrons une cuisine raffin\u00e9e adapt\u00e9e \u00e0 tous les go\u00fbts, et proposons des services d\u2019accompagnement familial pour faciliter votre quotidien. Notre boutique propose \u00e9galement une s\u00e9lection [&hellip;]<\/p>\n","protected":false},"author":1,"featured_media":0,"parent":0,"menu_order":0,"comment_status":"closed","ping_status":"closed","template":"","meta":{"ocean_post_layout":"","ocean_both_sidebars_style":"","ocean_both_sidebars_content_width":0,"ocean_both_sidebars_sidebars_width":0,"ocean_sidebar":"","ocean_second_sidebar":"","ocean_disable_margins":"enable","ocean_add_body_class":"","ocean_shortcode_before_top_bar":"","ocean_shortcode_after_top_bar":"","ocean_shortcode_before_header":"","ocean_shortcode_after_header":"","ocean_has_shortcode":"","ocean_shortcode_after_title":"","ocean_shortcode_before_footer_widgets":"","ocean_shortcode_after_footer_widgets":"","ocean_shortcode_before_footer_bottom":"","ocean_shortcode_after_footer_bottom":"","ocean_display_top_bar":"default","ocean_display_header":"default","ocean_header_style":"","ocean_center_header_left_menu":"","ocean_custom_header_template":"","ocean_custom_logo":0,"ocean_custom_retina_logo":0,"ocean_custom_logo_max_width":0,"ocean_custom_logo_tablet_max_width":0,"ocean_custom_logo_mobile_max_width":0,"ocean_custom_logo_max_height":0,"ocean_custom_logo_tablet_max_height":0,"ocean_custom_logo_mobile_max_height":0,"ocean_header_custom_menu":"","ocean_menu_typo_font_family":"","ocean_menu_typo_font_subset":"","ocean_menu_typo_font_size":0,"ocean_menu_typo_font_size_tablet":0,"ocean_menu_typo_font_size_mobile":0,"ocean_menu_typo_font_size_unit":"px","ocean_menu_typo_font_weight":"","ocean_menu_typo_font_weight_tablet":"","ocean_menu_typo_font_weight_mobile":"","ocean_menu_typo_transform":"","ocean_menu_typo_transform_tablet":"","ocean_menu_typo_transform_mobile":"","ocean_menu_typo_line_height":0,"ocean_menu_typo_line_height_tablet":0,"ocean_menu_typo_line_height_mobile":0,"ocean_menu_typo_line_height_unit":"","ocean_menu_typo_spacing":0,"ocean_menu_typo_spacing_tablet":0,"ocean_menu_typo_spacing_mobile":0,"ocean_menu_typo_spacing_unit":"","ocean_menu_link_color":"","ocean_menu_link_color_hover":"","ocean_menu_link_color_active":"","ocean_menu_link_background":"","ocean_menu_link_hover_background":"","ocean_menu_link_active_background":"","ocean_menu_social_links_bg":"","ocean_menu_social_hover_links_bg":"","ocean_menu_social_links_color":"","ocean_menu_social_hover_links_color":"","ocean_disable_title":"default","ocean_disable_heading":"default","ocean_post_title":"","ocean_post_subheading":"","ocean_post_title_style":"","ocean_post_title_background_color":"","ocean_post_title_background":0,"ocean_post_title_bg_image_position":"","ocean_post_title_bg_image_attachment":"","ocean_post_title_bg_image_repeat":"","ocean_post_title_bg_image_size":"","ocean_post_title_height":0,"ocean_post_title_bg_overlay":0.5,"ocean_post_title_bg_overlay_color":"","ocean_disable_breadcrumbs":"default","ocean_breadcrumbs_color":"","ocean_breadcrumbs_separator_color":"","ocean_breadcrumbs_links_color":"","ocean_breadcrumbs_links_hover_color":"","ocean_display_footer_widgets":"default","ocean_display_footer_bottom":"default","ocean_custom_footer_template":"","footnotes":""},"class_list":["post-11","page","type-page","status-publish","hentry","entry"],"_links":{"self":[{"href":"https:\/\/nocesdecana-sl.com.bf\/index.php\/wp-json\/wp\/v2\/pages\/11","targetHints":{"allow":["GET"]}}],"collection":[{"href":"https:\/\/nocesdecana-sl.com.bf\/index.php\/wp-json\/wp\/v2\/pages"}],"about":[{"href":"https:\/\/nocesdecana-sl.com.bf\/index.php\/wp-json\/wp\/v2\/types\/page"}],"author":[{"embeddable":true,"href":"https:\/\/nocesdecana-sl.com.bf\/index.php\/wp-json\/wp\/v2\/users\/1"}],"replies":[{"embeddable":true,"href":"https:\/\/nocesdecana-sl.com.bf\/index.php\/wp-json\/wp\/v2\/comments?post=11"}],"version-history":[{"count":4,"href":"https:\/\/nocesdecana-sl.com.bf\/index.php\/wp-json\/wp\/v2\/pages\/11\/revisions"}],"predecessor-version":[{"id":45,"href":"https:\/\/nocesdecana-sl.com.bf\/index.php\/wp-json\/wp\/v2\/pages\/11\/revisions\/45"}],"wp:attachment":[{"href":"https:\/\/nocesdecana-sl.com.bf\/index.php\/wp-json\/wp\/v2\/media?parent=11"}],"curies":[{"name":"wp","href":"https:\/\/api.w.org\/{rel}","templated":true}]}}